{"id":2121,"date":"2019-12-05T09:44:23","date_gmt":"2019-12-05T09:44:23","guid":{"rendered":"https:\/\/persevines.com\/?page_id=2121"},"modified":"2019-12-05T17:08:13","modified_gmt":"2019-12-05T17:08:13","slug":"terms-and-conditions","status":"publish","type":"page","link":"https:\/\/persevines.com\/en\/terms-and-conditions\/","title":{"rendered":"Terms and conditions"},"content":{"rendered":"\t\t<div data-elementor-type=\"wp-page\" data-elementor-id=\"2121\" class=\"elementor elementor-2121 elementor-2116\" data-elementor-post-type=\"page\">\n\t\t\t\t\t\t<section class=\"elementor-section elementor-top-section elementor-element elementor-element-b7b40e3 elementor-section-boxed elementor-section-height-default elementor-section-height-default\" data-id=\"b7b40e3\" data-element_type=\"section\">\n\t\t\t\t\t\t<div class=\"elementor-container elementor-column-gap-default\">\n\t\t\t\t\t<div class=\"elementor-column elementor-col-100 elementor-top-column elementor-element elementor-element-c2703f2\" data-id=\"c2703f2\" data-element_type=\"column\">\n\t\t\t<div class=\"elementor-widget-wrap elementor-element-populated\">\n\t\t\t\t\t\t<div class=\"elementor-element elementor-element-9bae152 elementor-invisible elementor-widget elementor-widget-image\" data-id=\"9bae152\" data-element_type=\"widget\" data-settings=\"{&quot;_animation&quot;:&quot;fadeIn&quot;}\" data-widget_type=\"image.default\">\n\t\t\t\t<div class=\"elementor-widget-container\">\n\t\t\t\t\t\t\t\t\t\t\t\t\t\t\t<img fetchpriority=\"high\" decoding=\"async\" width=\"1024\" height=\"576\" src=\"https:\/\/persevines.com\/wp-content\/uploads\/2019\/11\/Malbec-post-envero-1024x576.jpg\" class=\"attachment-large size-large wp-image-1123\" alt=\"\" srcset=\"https:\/\/persevines.com\/wp-content\/uploads\/2019\/11\/Malbec-post-envero-1024x576.jpg 1024w, https:\/\/persevines.com\/wp-content\/uploads\/2019\/11\/Malbec-post-envero-600x338.jpg 600w, https:\/\/persevines.com\/wp-content\/uploads\/2019\/11\/Malbec-post-envero-300x169.jpg 300w, https:\/\/persevines.com\/wp-content\/uploads\/2019\/11\/Malbec-post-envero-768x432.jpg 768w, https:\/\/persevines.com\/wp-content\/uploads\/2019\/11\/Malbec-post-envero.jpg 1280w\" sizes=\"(max-width: 1024px) 100vw, 1024px\" \/>\t\t\t\t\t\t\t\t\t\t\t\t\t\t\t<\/div>\n\t\t\t\t<\/div>\n\t\t\t\t\t<\/div>\n\t\t<\/div>\n\t\t\t\t\t<\/div>\n\t\t<\/section>\n\t\t\t\t<section class=\"elementor-section elementor-top-section elementor-element elementor-element-07be0f1 elementor-section-boxed elementor-section-height-default elementor-section-height-default\" data-id=\"07be0f1\" data-element_type=\"section\">\n\t\t\t\t\t\t<div class=\"elementor-container elementor-column-gap-default\">\n\t\t\t\t\t<div class=\"elementor-column elementor-col-100 elementor-top-column elementor-element elementor-element-9be2532\" data-id=\"9be2532\" data-element_type=\"column\">\n\t\t\t<div class=\"elementor-widget-wrap elementor-element-populated\">\n\t\t\t\t\t\t<div class=\"elementor-element elementor-element-b5dd1b0 elementor-widget elementor-widget-text-editor\" data-id=\"b5dd1b0\" data-element_type=\"widget\" data-widget_type=\"text-editor.default\">\n\t\t\t\t<div class=\"elementor-widget-container\">\n\t\t\t\t\t\t\t\t\t<h2><strong>T\u00e9rminos y Condiciones<\/strong><\/h2><h3><u>Condiciones generales<\/u><\/h3><p>Lea los t\u00e9rminos y condiciones generales (en adelante, los \u201ct\u00e9rminos y condiciones\u201d) que se describen a continuaci\u00f3n. Estos se aplicar\u00e1n para la navegaci\u00f3n del sitio de internet persevines.com (en adelante, el \u201cwebsite\u201d cuando se refiera al sitio web de internet) y los servicios ofrecidos en \u00e9l. Las\/los usuarias\/os del website, en adelante, &#8220;Usuario&#8221; de website. La responsabilidad del mencionado \u201cWebsite\u201d y de los productos ofrecidos son de Per Se Vines (CUIT: 30-71459206-4).<\/p><p>Los derechos de uso del website persevines.com son propiedad de Per Se Vines<\/p><h3><u>Aceptaci\u00f3n y conocimiento de los t\u00e9rminos y condiciones<\/u><\/h3><p>Los presentes t\u00e9rminos y condiciones tienen car\u00e1cter obligatorio y vinculante. Se aplican a todas las compras y actividades realizadas mediante el website. El uso del website implica el conocimiento y la aceptaci\u00f3n de ellos. Si usted no est\u00e1 de acuerdo con los t\u00e9rminos y condiciones, deber\u00e1 abstenerse de utilizar el website y\/o los servicios por \u00e9l ofrecidos. Por \u201cusuario\u201d del website se refiere, tanto a las personas registradas como a visitantes.<\/p><h3><u>Modificaci\u00f3n de los t\u00e9rminos y condiciones<\/u><\/h3><p>Per Se Vines pondr\u00e1 un aviso en el website alertando a los usuarios sobre estos cambios, durante un tiempo razonable. Sin perjuicio de lo anterior, los usuarios son responsables de leer estos t\u00e9rminos y condiciones cada vez que ingresen al website para ver si han sufrido modificaciones.<\/p><h3><u>Confirmaci\u00f3n de compra<\/u><\/h3><p>Al momento de confirmaci\u00f3n de la compra, se le informar\u00e1 al usuario su n\u00famero de operaci\u00f3n o transacci\u00f3n. Asimismo, el usuario recibir\u00e1 en su casilla de correo electr\u00f3nico una confirmaci\u00f3n de que la orden de pedido ha sido aceptada, conjuntamente con un n\u00famero de pedido.<\/p><h3><u>Interrupci\u00f3n del servicio \u2013 exclusi\u00f3n de responsabilidad<\/u><\/h3><p>Per Se Vines se reserva el derecho de interrumpir, suspender o modificar en cualquier momento los servicios ofrecidos en el presente website, ya sea en forma permanente o transitoria. No se requerir\u00e1 la conformidad de los usuarios, ni ser\u00e1 necesario aviso previo alguno. Asimismo, no garantiza el acceso o uso permanente del website, ya que \u00e9ste podr\u00eda interrumpirse por cuestiones t\u00e9cnicas ajenas a Per Se Vines. No obstante, lo mencionado anteriormente, si la suspensi\u00f3n o interrupci\u00f3n mencionada no obedeciere a razones de fuerza mayor o caso fortuito, Per Se Vines se compromete a cumplir las prestaciones que estuvieran pendientes al momento de la suspensi\u00f3n o interrupci\u00f3n. Per Se Vines no garantiza que el website se encuentre libre de virus, gusanos o cualquier otro elemento que pueda llegar a da\u00f1ar o alterar el normal funcionamiento de un ordenador. Es responsabilidad y obligaci\u00f3n exclusiva del usuario contar con las herramientas adecuadas para detectar, desinfectar y\/o prevenir cualquier tipo de elementos y\/o posibles da\u00f1os de esta naturaleza. Per Se Vines no se responsabiliza por cualquier da\u00f1o que pueda producirse en los equipos inform\u00e1ticos de los usuarios o de terceros como consecuencia de la navegaci\u00f3n del presente website.<\/p><h3><u>Registraci\u00f3n<\/u><\/h3><p>Los usuarios pueden navegar libremente por el website. Sin embargo, para realizar una compra el usuario deber\u00e1 ingresar cada uno de los datos requeridos por el website. Deber\u00e1 completar un formulario al momento del checkout con los datos solicitados.<\/p><p>En el caso del club de vinos de Per Se Vines, el usuario deber\u00e1 registrarse creando un nombre de usuario y clave personal, pagando una membres\u00eda anual. As\u00ed como Per Se Vines se compromete a mantener la confidencialidad de los datos aportados por los usuarios para su registro, los usuarios se comprometen a mantener la confidencialidad de su nombre\/ usuario y clave de acceso. De conformidad con lo expresado en el p\u00e1rrafo anterior, los usuarios son responsables del uso que se haga de su clave y deber\u00e1n tener presente que, si otras personas tienen o pueden tener en el futuro acceso a la cuenta de e-mail consignada como propia en el formulario de registraci\u00f3n, \u00e9stas tambi\u00e9n podr\u00edan solicitar su clave de acceso y nombre de usuario. Es obligaci\u00f3n exclusiva del usuario tomar las medidas pertinentes para que esto no suceda. El usuario se compromete a notificar inmediatamente y de manera fehaciente a Per Se Vines a cualquiera de sus casillas de contacto o a info@persevines.com, cualquier uso no autorizado de su cuenta de usuario, y a mantenerlo indemne en el caso de que se esto produzca alg\u00fan da\u00f1o a la empresa o a terceros. Es obligatorio completar el formulario en todos los campos con datos v\u00e1lidos y verdaderos, de manera exacta y precisa. Para un correcto funcionamiento del sistema, es necesario que los usuarios mantengan sus datos actualizados. Per Se Vines podr\u00e1 proceder a verificar la identidad del usuario y\/o de los datos consignados por \u00e9ste en cualquier momento. Per Se Vines no se responsabiliza por la veracidad o certeza de los datos provistos por los usuarios. Asimismo, Per Se Vines se reserva el derecho de suspender temporal o definitivamente a los usuarios en caso de incumplimiento de los t\u00e9rminos y condiciones, como as\u00ed tambi\u00e9n de rechazar solicitudes.<\/p><h3><u>Capacidad<\/u><\/h3><p>Para utilizar los servicios del website se requiere tener capacidad legal para contratar. No podr\u00e1n acceder a los servicios quienes carezcan de ella, los que hayan sido suspendidos o inhabilitados, ni los menores de edad. Los padres, tutores o responsables de los menores de edad o incapaces que utilicen el website ser\u00e1n responsables por dicho uso, incluyendo cualquier cargo, facturaci\u00f3n o da\u00f1o que se derive de \u00e9l.<\/p>\t\t\t\t\t\t\t\t<\/div>\n\t\t\t\t<\/div>\n\t\t\t\t<div class=\"elementor-element elementor-element-5da7457 elementor-widget elementor-widget-spacer\" data-id=\"5da7457\" data-element_type=\"widget\" data-widget_type=\"spacer.default\">\n\t\t\t\t<div class=\"elementor-widget-container\">\n\t\t\t\t\t\t\t<div class=\"elementor-spacer\">\n\t\t\t<div class=\"elementor-spacer-inner\"><\/div>\n\t\t<\/div>\n\t\t\t\t\t\t<\/div>\n\t\t\t\t<\/div>\n\t\t\t\t\t<\/div>\n\t\t<\/div>\n\t\t\t\t\t<\/div>\n\t\t<\/section>\n\t\t\t\t<\/div>\n\t\t","protected":false},"excerpt":{"rendered":"<p>T\u00e9rminos y Condiciones Condiciones generales Lea los t\u00e9rminos y condiciones generales (en adelante, los \u201ct\u00e9rminos y condiciones\u201d) que se describen a continuaci\u00f3n. Estos se aplicar\u00e1n para la navegaci\u00f3n del sitio de internet persevines.com (en adelante, el \u201cwebsite\u201d cuando se refiera al sitio web de internet) y los servicios ofrecidos en \u00e9l. Las\/los usuarias\/os del website,&hellip;&nbsp;<a href=\"https:\/\/persevines.com\/en\/terms-and-conditions\/\" rel=\"bookmark\">Read More &raquo;<span class=\"screen-reader-text\">Terms and conditions<\/span><\/a><\/p>\n","protected":false},"author":1,"featured_media":0,"parent":0,"menu_order":0,"comment_status":"closed","ping_status":"closed","template":"page-templates\/template-pagebuilder-full-width.php","meta":{"neve_meta_sidebar":"full-width","neve_meta_container":"default","neve_meta_enable_content_width":"on","neve_meta_content_width":100,"neve_meta_title_alignment":"","neve_meta_author_avatar":"","neve_post_elements_order":"","neve_meta_disable_header":"off","neve_meta_disable_footer":"off","neve_meta_disable_title":"off","neve_meta_reading_time":"","footnotes":""},"class_list":["post-2121","page","type-page","status-publish","hentry"],"_links":{"self":[{"href":"https:\/\/persevines.com\/en\/wp-json\/wp\/v2\/pages\/2121","targetHints":{"allow":["GET"]}}],"collection":[{"href":"https:\/\/persevines.com\/en\/wp-json\/wp\/v2\/pages"}],"about":[{"href":"https:\/\/persevines.com\/en\/wp-json\/wp\/v2\/types\/page"}],"author":[{"embeddable":true,"href":"https:\/\/persevines.com\/en\/wp-json\/wp\/v2\/users\/1"}],"replies":[{"embeddable":true,"href":"https:\/\/persevines.com\/en\/wp-json\/wp\/v2\/comments?post=2121"}],"version-history":[{"count":0,"href":"https:\/\/persevines.com\/en\/wp-json\/wp\/v2\/pages\/2121\/revisions"}],"wp:attachment":[{"href":"https:\/\/persevines.com\/en\/wp-json\/wp\/v2\/media?parent=2121"}],"curies":[{"name":"wp","href":"https:\/\/api.w.org\/{rel}","templated":true}]}}