{"id":9425,"date":"2021-05-13T18:50:53","date_gmt":"2021-05-13T18:50:53","guid":{"rendered":"https:\/\/persevines.com\/?post_type=product&#038;p=9425"},"modified":"2025-12-15T17:37:02","modified_gmt":"2025-12-15T17:37:02","slug":"uni-del-bonnesant","status":"publish","type":"product","link":"https:\/\/persevines.com\/en\/producto\/uni-del-bonnesant\/","title":{"rendered":"Uni del Bonnesant"},"content":{"rendered":"\t\t<div data-elementor-type=\"product-post\" data-elementor-id=\"9425\" class=\"elementor elementor-9425\" data-elementor-post-type=\"product\">\n\t\t\t\t<div class=\"elementor-element elementor-element-5244b188 e-flex e-con-boxed e-con e-parent\" data-id=\"5244b188\" data-element_type=\"container\">\n\t\t\t\t\t<div class=\"e-con-inner\">\n\t\t\t\t<div class=\"elementor-element elementor-element-676b3604 elementor-widget elementor-widget-text-editor\" data-id=\"676b3604\" data-element_type=\"widget\" data-widget_type=\"text-editor.default\">\n\t\t\t\t<div class=\"elementor-widget-container\">\n\t\t\t\t\t\t\t\t\t<div class=\"page\" title=\"Page 1\"><div class=\"section\"><div class=\"layoutArea\"><div class=\"column\"><div class=\"page\" title=\"Page 1\"><div class=\"section\"><div class=\"layoutArea\"><div class=\"column\"><div class=\"page\" title=\"Page 1\"><div class=\"section\"><div class=\"layoutArea\"><div class=\"column\"><p>Sexta a\u00f1ada de Un\u00ed del Bonnesant, vino proveniente del peque\u00f1o c\u00f3rner que mira al sur-este del Monte Alabanza.<span class=\"Apple-converted-space\">\u00a0<\/span><\/p><p>La uva fue despalillada 100% y fermentada en un barril abierto. Solo realizamos un pisoneo suave por dia. La maceracion total fue de 45 dias para luego criarse en un \u00fanico barril franc\u00e9s usado durante 16 meses.<span class=\"Apple-converted-space\">\u00a0<\/span><\/p><p>Es un vino que no parece Malbec. No hay que hacer gran descripci\u00f3n de \u00e9l, sino m\u00e1s bien beberlo para entender que su energ\u00eda, su frescura y su mineralidad directa del suelo lo hacen para nosotros un vino muy especial.<span class=\"Apple-converted-space\">\u00a0<\/span><\/p><p><i>Total producci\u00f3n de la a\u00f1ada 2022:<span class=\"Apple-converted-space\">\u00a0<\/span><\/i><\/p><p>166 botellas de 750 cc.<span class=\"Apple-converted-space\">\u00a0<\/span><\/p><\/div><\/div><\/div><\/div><\/div><\/div><\/div><\/div><\/div><\/div><\/div><\/div>\t\t\t\t\t\t\t\t<\/div>\n\t\t\t\t<\/div>\n\t\t\t\t\t<\/div>\n\t\t\t\t<\/div>\n\t\t\t\t<\/div>\n\t\t","protected":false},"excerpt":{"rendered":"<p>Precio por botella, env\u00edo incluido a todo el pa\u00eds.<\/p>\n<p>Disponible \u00fanicamente con membres\u00eda. S\u00f3lo 1 botella por miembro.<\/p>\n<p>Venta a\u00f1ada 2023 &#8211; Marzo 2026<\/p>\n","protected":false},"featured_media":10761,"template":"","meta":{"neve_meta_sidebar":"","neve_meta_container":"","neve_meta_enable_content_width":"off","neve_meta_content_width":70,"neve_meta_title_alignment":"","neve_meta_author_avatar":"","neve_post_elements_order":"","neve_meta_disable_header":"","neve_meta_disable_footer":"","neve_meta_disable_title":"","neve_meta_reading_time":""},"product_brand":[],"product_cat":[72],"product_tag":[],"class_list":{"0":"post-9425","1":"product","2":"type-product","3":"status-publish","4":"has-post-thumbnail","6":"product_cat-sin-categorizar","8":"first","9":"outofstock","10":"taxable","11":"shipping-taxable","12":"purchasable","13":"product-type-simple"},"_links":{"self":[{"href":"https:\/\/persevines.com\/en\/wp-json\/wp\/v2\/product\/9425","targetHints":{"allow":["GET"]}}],"collection":[{"href":"https:\/\/persevines.com\/en\/wp-json\/wp\/v2\/product"}],"about":[{"href":"https:\/\/persevines.com\/en\/wp-json\/wp\/v2\/types\/product"}],"version-history":[{"count":10,"href":"https:\/\/persevines.com\/en\/wp-json\/wp\/v2\/product\/9425\/revisions"}],"predecessor-version":[{"id":11258,"href":"https:\/\/persevines.com\/en\/wp-json\/wp\/v2\/product\/9425\/revisions\/11258"}],"wp:featuredmedia":[{"embeddable":true,"href":"https:\/\/persevines.com\/en\/wp-json\/wp\/v2\/media\/10761"}],"wp:attachment":[{"href":"https:\/\/persevines.com\/en\/wp-json\/wp\/v2\/media?parent=9425"}],"wp:term":[{"taxonomy":"product_brand","embeddable":true,"href":"https:\/\/persevines.com\/en\/wp-json\/wp\/v2\/product_brand?post=9425"},{"taxonomy":"product_cat","embeddable":true,"href":"https:\/\/persevines.com\/en\/wp-json\/wp\/v2\/product_cat?post=9425"},{"taxonomy":"product_tag","embeddable":true,"href":"https:\/\/persevines.com\/en\/wp-json\/wp\/v2\/product_tag?post=9425"}],"curies":[{"name":"wp","href":"https:\/\/api.w.org\/{rel}","templated":true}]}}