{"id":9608,"date":"2019-12-07T21:07:15","date_gmt":"2019-12-07T21:07:15","guid":{"rendered":"https:\/\/persevines.com\/producto\/membresia-club-de-vinos\/"},"modified":"2024-05-27T16:49:13","modified_gmt":"2024-05-27T16:49:13","slug":"membresia-club-de-vinos","status":"publish","type":"product","link":"https:\/\/persevines.com\/en\/producto\/membresia-club-de-vinos\/","title":{"rendered":"Wine Club"},"content":{"rendered":"\t\t<div data-elementor-type=\"wp-post\" data-elementor-id=\"9608\" class=\"elementor elementor-9608 elementor-2265\" data-elementor-post-type=\"product\">\n\t\t\t\t\t\t<section class=\"elementor-section elementor-top-section elementor-element elementor-element-364941c4 elementor-section-boxed elementor-section-height-default elementor-section-height-default\" data-id=\"364941c4\" data-element_type=\"section\">\n\t\t\t\t\t\t<div class=\"elementor-container elementor-column-gap-default\">\n\t\t\t\t\t<div class=\"elementor-column elementor-col-100 elementor-top-column elementor-element elementor-element-4af3757c\" data-id=\"4af3757c\" data-element_type=\"column\">\n\t\t\t<div class=\"elementor-widget-wrap elementor-element-populated\">\n\t\t\t\t\t\t<div class=\"elementor-element elementor-element-2f175b6d elementor-widget elementor-widget-text-editor\" data-id=\"2f175b6d\" data-element_type=\"widget\" data-widget_type=\"text-editor.default\">\n\t\t\t\t<div class=\"elementor-widget-container\">\n\t\t\t\t\t\t\t\t\t<p>Luego de a\u00f1adir al carrito la membres\u00eda y, habiendo realizado el pago, podr\u00e1s acceder a comprar todos los productos disponibles \u00fanicamente para el club de vinos.\u00a0Puede contactarse con Santiago ante cualquier duda v\u00eda email a:\u00a0<strong>santiago@persevines.com<\/strong>. \u00c9l le brindar\u00e1 informaci\u00f3n acerca de las cantidades que podr\u00e1n ser asignadas de cada etiqueta y las fechas de entrega de las mismas.<\/p>\n\t\t\t\t\t\t\t\t<\/div>\n\t\t\t\t<\/div>\n\t\t\t\t\t<\/div>\n\t\t<\/div>\n\t\t\t\t\t<\/div>\n\t\t<\/section>\n\t\t\t\t<\/div>\n\t\t","protected":false},"excerpt":{"rendered":"<p>El cupo del club de vinos est\u00e1 completo. Contactarse con Santiago para incorporarse a la lista de espera. Muchas gracias<\/p>\n","protected":false},"featured_media":10849,"template":"","meta":{"neve_meta_sidebar":"","neve_meta_container":"","neve_meta_enable_content_width":"off","neve_meta_content_width":100,"neve_meta_title_alignment":"","neve_meta_author_avatar":"","neve_post_elements_order":"","neve_meta_disable_header":"","neve_meta_disable_footer":"","neve_meta_disable_title":"","neve_meta_reading_time":""},"product_brand":[],"product_cat":[125],"product_tag":[],"class_list":{"0":"post-9608","1":"product","2":"type-product","3":"status-publish","4":"has-post-thumbnail","6":"product_cat-club-del-vino-en","8":"first","9":"instock","10":"virtual","11":"sold-individually","12":"purchasable","13":"product-type-simple"},"_links":{"self":[{"href":"https:\/\/persevines.com\/en\/wp-json\/wp\/v2\/product\/9608","targetHints":{"allow":["GET"]}}],"collection":[{"href":"https:\/\/persevines.com\/en\/wp-json\/wp\/v2\/product"}],"about":[{"href":"https:\/\/persevines.com\/en\/wp-json\/wp\/v2\/types\/product"}],"version-history":[{"count":4,"href":"https:\/\/persevines.com\/en\/wp-json\/wp\/v2\/product\/9608\/revisions"}],"predecessor-version":[{"id":10887,"href":"https:\/\/persevines.com\/en\/wp-json\/wp\/v2\/product\/9608\/revisions\/10887"}],"wp:featuredmedia":[{"embeddable":true,"href":"https:\/\/persevines.com\/en\/wp-json\/wp\/v2\/media\/10849"}],"wp:attachment":[{"href":"https:\/\/persevines.com\/en\/wp-json\/wp\/v2\/media?parent=9608"}],"wp:term":[{"taxonomy":"product_brand","embeddable":true,"href":"https:\/\/persevines.com\/en\/wp-json\/wp\/v2\/product_brand?post=9608"},{"taxonomy":"product_cat","embeddable":true,"href":"https:\/\/persevines.com\/en\/wp-json\/wp\/v2\/product_cat?post=9608"},{"taxonomy":"product_tag","embeddable":true,"href":"https:\/\/persevines.com\/en\/wp-json\/wp\/v2\/product_tag?post=9608"}],"curies":[{"name":"wp","href":"https:\/\/api.w.org\/{rel}","templated":true}]}}